{"id":1711,"date":"2014-10-21T14:31:57","date_gmt":"2014-10-21T11:31:57","guid":{"rendered":"http:\/\/www.zrp-insolvency.ro\/?page_id=1711"},"modified":"2020-06-19T00:58:49","modified_gmt":"2020-06-18T21:58:49","slug":"misiune-viziune","status":"publish","type":"page","link":"https:\/\/ri-group.ro\/old\/misiune-viziune\/","title":{"rendered":"Misiune si Viziune"},"content":{"rendered":"<p>\u00cen \u015fah, ca \u015fi \u00een business, performan\u0163a cere disciplin\u0103, mi\u015fc\u0103ri tactice, strategii de amploare, cunoa\u015fterea perfect\u0103 a regulilor \u015fi a mut\u0103rilor c\u00e2\u015ftig\u0103toare, dar \u015fi creativitate \u015fi instinct. Sloganul ONE MOVE AHEAD face parte din acela\u0219i univers \u015fi con\u0163ine \u00eentr-o form\u0103 concis\u0103 ceea ce \u00ee\u0219i propune R &amp; I Group, \u015fi anume s\u0103 aib\u0103 \u00eentotdeauna un avans, s\u0103 fie cu un pas \u00eenaintea tuturor.<\/p>\n<p>ONE MOVE AHEAD. Consider\u0103m c\u0103 orice procedur\u0103, fie c\u0103 este de preven\u021bie a insolven\u021bei, fie c\u0103 este chiar de insolven\u021b\u0103, trebuie s\u0103 aib\u0103 o strategie bazat\u0103 pe anticiparea pa\u0219ilor care trebuie realiza\u021bi pentru a atinge rezultatul dorit. Credem cu t\u0103rie c\u0103 strategia este cea care face diferen\u021ba \u00eentre reu\u0219it\u0103 \u0219i e\u0219ec, iar strategia f\u0103r\u0103 tactic\u0103 face ca drumul spre victorie s\u0103 devina mai lung \u0219i mai nesigur.<\/p>\n<p>MISIUNEA R &amp; I Group este aceea de a oferi o atitudine echilibrat\u0103, bazat\u0103 pe experien\u021ba \u00eendelungat\u0103 \u00een domeniu a partenerilor R &amp; I Group, dar \u0219i pe profesionalismul \u00eentregii echipe, care permite punerea \u00een valoare a afacerii \u015fi a activelor debitorului \u00een vederea maximiz\u0103rii averii acestuia, \u015fi care asigur\u0103 cre\u015fterea gradului de recuperare a crean\u0163elor \u00eenscrise la masa credal\u0103.<\/p>\n","protected":false},"excerpt":{"rendered":"\u00cen \u015fah, ca \u015fi \u00een business, performan\u0163a cere disciplin\u0103, mi\u015fc\u0103ri tactice, strategii de amploare, cunoa\u015fterea perfect\u0103 a regulilor \u015fi a mut\u0103rilor c\u00e2\u015ftig\u0103toare, dar \u015fi creativitate \u015fi instinct. Sloganul ONE MOVE AHEAD face parte din acela\u0219i univers \u015fi con\u0163ine \u00eentr-o form\u0103 concis\u0103 ceea ce \u00ee\u0219i propune R &amp; I Group, \u015fi anume s\u0103 aib\u0103 \u00eentotdeauna un avans, s\u0103 fie cu un&nbsp;<a href=\"https:\/\/ri-group.ro\/old\/misiune-viziune\/\" class=\"read-more\">Continue Reading<\/a>","protected":false},"author":3,"featured_media":0,"parent":0,"menu_order":0,"comment_status":"closed","ping_status":"closed","template":"","meta":[],"_links":{"self":[{"href":"https:\/\/ri-group.ro\/old\/wp-json\/wp\/v2\/pages\/1711"}],"collection":[{"href":"https:\/\/ri-group.ro\/old\/wp-json\/wp\/v2\/pages"}],"about":[{"href":"https:\/\/ri-group.ro\/old\/wp-json\/wp\/v2\/types\/page"}],"author":[{"embeddable":true,"href":"https:\/\/ri-group.ro\/old\/wp-json\/wp\/v2\/users\/3"}],"replies":[{"embeddable":true,"href":"https:\/\/ri-group.ro\/old\/wp-json\/wp\/v2\/comments?post=1711"}],"version-history":[{"count":1,"href":"https:\/\/ri-group.ro\/old\/wp-json\/wp\/v2\/pages\/1711\/revisions"}],"predecessor-version":[{"id":5454,"href":"https:\/\/ri-group.ro\/old\/wp-json\/wp\/v2\/pages\/1711\/revisions\/5454"}],"wp:attachment":[{"href":"https:\/\/ri-group.ro\/old\/wp-json\/wp\/v2\/media?parent=1711"}],"curies":[{"name":"wp","href":"https:\/\/api.w.org\/{rel}","templated":true}]}}