{"id":25,"date":"2012-04-09T18:27:14","date_gmt":"2012-04-09T18:27:14","guid":{"rendered":"http:\/\/brave.damojothemes.com\/?page_id=25"},"modified":"2019-01-28T16:45:21","modified_gmt":"2019-01-28T14:45:21","slug":"homepage","status":"publish","type":"page","link":"https:\/\/ri-group.ro\/old\/","title":{"rendered":"Homepage"},"content":{"rendered":"<div  class=\"mp-row-fluid motopress-row\">\n<div class=\"mp-span12 motopress-clmn\">\n<div class=\"row \"><div class=\"span12 \"><div class=\"hero-unit \"><h1>Despre R&amp;I Group SPRL<\/h1><p>RI Group SPRL este o societate profesional\u0103 cu r\u0103spundere limitat\u0103 care ofer\u0103 o gam\u0103 de servicii complete \u0219i moderne. Serviciile oferite includ consilierea clien\u021bilor privind profilaxia insolven\u021bei comerciale, managementul situa\u021biilor de criz\u0103, consultan\u021ba \u00een pre-insolven\u021b\u0103, \u00eentocmirea planului de reorganizare \u0219i analiza posibilit\u0103\u021bilor de redresare, gestionarea procedurilor de reorganizare, lichidare judiciar\u0103 \u0219i lichidare voluntar\u0103.<\/p><div class=\"btn-align\"><a href=\"despre-zrp-insolvency\" title=\"Mai mult\" class=\"btn btn-primary btn-normal btn-primary\" target=\"_self\">Mai mult<\/a><\/div><\/div><!-- .hero-unit (end) --><\/div><\/div><!-- .row (end) --><div class=\"box\"><div class=\"row \"><div class=\"span3 \"><div class=\"banner-wrap icon_1\"><h5>Redresare prin concordat preventiv<\/h5><p>Ca \u015fi administrator concordatar, R&amp;I Group elaboreaz\u0103 oferta de concordat preventiv cu toate componentele sale.<\/p><div class=\"link-align banner-btn\"><a href=\"servicii\" title=\"mai mult\" class=\"btn btn-link\" target=\"_self\">mai mult<\/a><\/div><\/div><!-- .banner-wrap (end) --><\/div><div class=\"span3 \"><div class=\"banner-wrap icon_2\"><h5>Reorganizarea judiciar\u0103<\/h5><p>Succesul unei proceduri de reorganizare judiciar\u0103 depinde de viabilitatea planului de reorganizare \u015fi de o evaluare corespunz\u0103toare a riscurilor afacerii.<\/p><div class=\"link-align banner-btn\"><a href=\"servicii\" title=\"mai mult\" class=\"btn btn-link\" target=\"_self\">mai mult<\/a><\/div><\/div><!-- .banner-wrap (end) --><\/div><div class=\"span3 \"><div class=\"banner-wrap icon_3\"><h5>Falimentul \u015fi lichidarea judiciar\u0103<\/h5><p>Acest serviciu presupune, printre altele, conducerea activit\u0103\u0163ii debitorului pe perioada derul\u0103rii procedurii, introducerea ac\u0163iunilor \u00een vederea anul\u0103rii actelor frauduloase \u00eencheiate de debitor \u0219i valorificarea optim\u0103 a activelor debitoarei \u015fi maximizarea averii acesteia.<\/p><div class=\"link-align banner-btn\"><a href=\"servicii\" title=\"mai mult\" class=\"btn btn-link\" target=\"_self\">mai mult<\/a><\/div><\/div><!-- .banner-wrap (end) --><\/div><div class=\"span3 \"><div class=\"banner-wrap icon_4\"><h5>Alte servicii<\/h5><p>Pe l\u00e2ng\u0103 activit\u0103\u0163ile tipice, R&amp;I Group SPRL \u00eendepline\u015fte orice obliga\u0163ii care incumb\u0103 practicianul \u00een insolven\u0163\u0103 \u00een procedura de lichidare sau reorganizare, cu maximum de celeritate.<\/p><div class=\"link-align banner-btn\"><a href=\"servicii\" title=\"mai mult\" class=\"btn btn-link\" target=\"_self\">mai mult<\/a><\/div><\/div><!-- .banner-wrap (end) --><\/div> <\/div><!-- .row (end) --><\/div><div class=\"row newslist\">\n<h2 class=\"newsD\"><a href=\"category\/media\/noutati\/\">Noutati<\/a><\/h2>\n<ul class=\"recent-posts news unstyled\"><li class=\"recent-posts_li post-5548 post type-post status-publish format-standard hentry category-auto-moto category-bunuri-imobile category-bunuri-mobile category-vanzari cat-7-id cat-14-id cat-16-id cat-12-id  list-item-0 clearfix\"><h5><a href=\"https:\/\/ri-group.ro\/old\/auto-moto\/terenuri-pachete-auto-danex-consult-srl\/\" title=\"Proprietate Imobiliara Bucuresti &#8211; Terenuri Intravilane &#8211; Mijloace de transport &#8211; DANEX CONSULT SRL\">Proprietate Imobiliara Bucuresti &#8211; Terenuri Intravilane &#8211; Mijloace de transport &#8211; DANEX CONSULT SRL<\/a><\/h5><span class=\"meta\"><span class=\"post-date\">06\/07\/2021<\/span><span class=\"post-comments\"><a href=\"https:\/\/ri-group.ro\/old\/auto-moto\/terenuri-pachete-auto-danex-consult-srl\/#respond\">0<\/a><\/span><\/span><div class=\"excerpt\">Consor\u021biul profesional format din R &amp; I Group SPRL, denumita&hellip;<\/div><div class=\"clear\"><\/div><\/li><!-- .entry (end) --><li class=\"recent-posts_li post-5470 post type-post status-publish format-standard hentry category-bunuri-mobile category-echipamente-si-utilaje category-utilaje-accesorii category-vanzari cat-16-id cat-3-id cat-19-id cat-12-id  list-item-1 clearfix\"><h5><a href=\"https:\/\/ri-group.ro\/old\/echipamente-si-utilaje\/utilaje-agricole-7\/\" title=\"Utilaje agricole, mijloc de transport\">Utilaje agricole, mijloc de transport<\/a><\/h5><span class=\"meta\"><span class=\"post-date\">05\/07\/2021<\/span><span class=\"post-comments\"><a href=\"https:\/\/ri-group.ro\/old\/echipamente-si-utilaje\/utilaje-agricole-7\/#respond\">0<\/a><\/span><\/span><div class=\"excerpt\">Subscrisa, R &amp; I GROUP S.P.R.L., societate civil\u0103 profesional\u0103 cu&hellip;<\/div><div class=\"clear\"><\/div><\/li><!-- .entry (end) --><li class=\"recent-posts_li post-5534 post type-post status-publish format-standard hentry category-bunuri-imobile category-vanzari cat-14-id cat-12-id  list-item-2 clearfix\"><h5><a href=\"https:\/\/ri-group.ro\/old\/vanzari\/proprietate-imobliara-terenuri-intravilan-garsoniera-tg-neamt\/\" title=\"Terenuri intravilan Tg. Neamt\">Terenuri intravilan Tg. Neamt<\/a><\/h5><span class=\"meta\"><span class=\"post-date\">05\/07\/2021<\/span><span class=\"post-comments\"><a href=\"https:\/\/ri-group.ro\/old\/vanzari\/proprietate-imobliara-terenuri-intravilan-garsoniera-tg-neamt\/#respond\">0<\/a><\/span><\/span><div class=\"excerpt\">Subscrisa R&amp;I GROUP S.P.R.L (fosta ZRP INSOLVENCY SPRL), cu sediul&hellip;<\/div><div class=\"clear\"><\/div><\/li><!-- .entry (end) --><li class=\"recent-posts_li post-5530 post type-post status-publish format-standard hentry category-bunuri-imobile category-bunuri-mobile category-terenuri-si-constructii category-vanzari cat-14-id cat-16-id cat-5-id cat-12-id  list-item-3 clearfix\"><h5><a href=\"https:\/\/ri-group.ro\/old\/terenuri-si-constructii\/proprietate-imobiliara-zlatna-motostivuitor-stoc-cherestea\/\" title=\"Proprietate imobiliara ZLATNA, Jud. Alba\">Proprietate imobiliara ZLATNA, Jud. Alba<\/a><\/h5><span class=\"meta\"><span class=\"post-date\">05\/07\/2021<\/span><span class=\"post-comments\"><a href=\"https:\/\/ri-group.ro\/old\/terenuri-si-constructii\/proprietate-imobiliara-zlatna-motostivuitor-stoc-cherestea\/#respond\">0<\/a><\/span><\/span><div class=\"excerpt\">Subscrisa, R&amp;I GROUP SPRL, societate civil\u0103 profesional\u0103, cu sediul \u00een&hellip;<\/div><div class=\"clear\"><\/div><\/li><!-- .entry (end) --><li class=\"recent-posts_li post-5782 post type-post status-publish format-standard hentry category-bunuri-imobile category-terenuri category-uncategorized category-vanzari cat-14-id cat-15-id cat-1-id cat-12-id  list-item-4 clearfix\"><h5><a href=\"https:\/\/ri-group.ro\/old\/uncategorized\/teren-halchiu-db-lot-terenuri-halchiu-bv\/\" title=\"Teren Halchiu DB, Lot terenuri Halchiu, BV\">Teren Halchiu DB, Lot terenuri Halchiu, BV<\/a><\/h5><span class=\"meta\"><span class=\"post-date\">28\/06\/2021<\/span><span class=\"post-comments\"><a href=\"https:\/\/ri-group.ro\/old\/uncategorized\/teren-halchiu-db-lot-terenuri-halchiu-bv\/#respond\">0<\/a><\/span><\/span><div class=\"excerpt\">Consor\u021biul profesional format din R &amp; I Group SPRL, num\u0103r&hellip;<\/div><div class=\"clear\"><\/div><\/li><!-- .entry (end) --><li class=\"recent-posts_li post-5430 post type-post status-publish format-standard hentry category-ansambluri-functionale category-bunuri-imobile category-ferme category-noutati category-vanzari cat-6-id cat-14-id cat-25-id cat-4-id cat-12-id  list-item-5 clearfix\"><h5><a href=\"https:\/\/ri-group.ro\/old\/noutati\/ferma-oua-consum\/\" title=\"Ferma oua consum\">Ferma oua consum<\/a><\/h5><span class=\"meta\"><span class=\"post-date\">23\/06\/2021<\/span><span class=\"post-comments\"><a href=\"https:\/\/ri-group.ro\/old\/noutati\/ferma-oua-consum\/#respond\">0<\/a><\/span><\/span><div class=\"excerpt\">Subscrisa, R &amp; I GROUP S.P.R.L. denumita anterior ZRP INSOLVENCY&hellip;<\/div><div class=\"clear\"><\/div><\/li><!-- .entry (end) --><li class=\"recent-posts_li post-5748 post type-post status-publish format-standard hentry category-auto-moto category-bunuri-mobile category-vanzari cat-7-id cat-16-id cat-12-id  list-item-6 clearfix\"><h5><a href=\"https:\/\/ri-group.ro\/old\/auto-moto\/mijloace-de-transport-autoturisme-autoutilitare-camioane\/\" title=\"MIJLOACE DE TRANSPORT &#8211; autoturisme, autoutilitare, camioane\">MIJLOACE DE TRANSPORT &#8211; autoturisme, autoutilitare, camioane<\/a><\/h5><span class=\"meta\"><span class=\"post-date\">23\/06\/2021<\/span><span class=\"post-comments\"><a href=\"https:\/\/ri-group.ro\/old\/auto-moto\/mijloace-de-transport-autoturisme-autoutilitare-camioane\/#respond\">0<\/a><\/span><\/span><div class=\"excerpt\">Consor\u021biul profesional format din R &amp; I GROUP SPRL (denumit\u0103&hellip;<\/div><div class=\"clear\"><\/div><\/li><!-- .entry (end) --><li class=\"recent-posts_li post-5563 post type-post status-publish format-standard hentry category-bunuri-imobile category-noutati category-vanzari cat-14-id cat-4-id cat-12-id  list-item-7 clearfix\"><h5><a href=\"https:\/\/ri-group.ro\/old\/noutati\/teren-intravilan-11428-mp-bucuresti\/\" title=\"TEREN INTRAVILAN 11428 MP Bucuresti\">TEREN INTRAVILAN 11428 MP Bucuresti<\/a><\/h5><span class=\"meta\"><span class=\"post-date\">23\/06\/2021<\/span><span class=\"post-comments\"><a href=\"https:\/\/ri-group.ro\/old\/noutati\/teren-intravilan-11428-mp-bucuresti\/#respond\">0<\/a><\/span><\/span><div class=\"excerpt\">Subscrisa, R &amp; I Group S.P.R.L. (denumit\u0103 anterior ZRP Insolvency&hellip;<\/div><div class=\"clear\"><\/div><\/li><!-- .entry (end) --><li class=\"recent-posts_li post-5764 post type-post status-publish format-standard hentry category-bunuri-imobile category-vanzari cat-14-id cat-12-id  list-item-8 clearfix\"><h5><a href=\"https:\/\/ri-group.ro\/old\/vanzari\/teren-intravilan-151-569-mp-in-ploiesti-str-rudului-nr-262\/\" title=\"TEREN INTRAVILAN 151.569 MP \u00ceN PLOIE\u0218TI, STR. RUDULUI NR. 262\">TEREN INTRAVILAN 151.569 MP \u00ceN PLOIE\u0218TI, STR. RUDULUI NR. 262<\/a><\/h5><span class=\"meta\"><span class=\"post-date\">18\/06\/2021<\/span><span class=\"post-comments\"><a href=\"https:\/\/ri-group.ro\/old\/vanzari\/teren-intravilan-151-569-mp-in-ploiesti-str-rudului-nr-262\/#respond\">0<\/a><\/span><\/span><div class=\"excerpt\">Subscrisa, Consor\u021biul format din CITR Filiala Bucure\u0219ti SPRL\u00a0cu sediul \u00een&hellip;<\/div><div class=\"clear\"><\/div><\/li><!-- .entry (end) --><\/ul><!-- .recent-posts (end) --> <\/div><!-- .row (end) --><div class=\"row \"> <div class=\"service-box \"><div class=\"service-box_body\"><h2 class=\"title\"><strong>Echipa R&amp;I Group<\/strong><\/h2><div class=\"service-box_txt\"><img loading=\"lazy\" class=\"alignright wp-image-1976\" src=\"https:\/\/www.zrp-insolvency.ro\/wp-content\/uploads\/2012\/04\/echipa-zrpi.jpg\" alt=\"echipa zrpi\" width=\"520\" height=\"347\" \/><\/p>\n<p>Profesionalismul, echilibrul \u0219i performan\u021bele R&amp;I Group sunt datorate echipei format\u0103 din profesioni\u0219ti cu o vasta experien\u021b\u0103 at\u00e2t \u00een domeniul juridic, economic, financiar-contabil c\u00e2t \u0219i din speciali\u0219ti \u00een marketing \u0219i evaluare de active.<\/p>\n<p>\u00cempreuna identificam cele mai bune solu\u021bii de aplicare a legii reorganiz\u0103rii judiciare \u0219i a falimentului, a legii privind introducerea concordatului preventiv \u0219i a mandatului ad-hoc, precum \u0219i a unor c\u0103i de solu\u021bionare a divergen\u021belor ap\u0103rute \u00eentre creditori \u0219i debitor pe c\u0103i amiabile.<\/p>\n<p><\/div><div class=\"btn-align\"><a href=\"echipa\" title=\"mai mult\" class=\"btn btn-inverse btn-normal btn-primary \" target=\"_self\">mai mult<\/a><\/div><\/div><\/div><!-- \/Service Box --><\/div><!-- .row (end) --><div class=\"box_1\"><div class=\"row \"><div class=\"span2 \"><h6>PORTOFOLIU<\/h6><\/div><div class=\"span10 \"><ul class=\"recent-posts clients unstyled\"><li class=\"recent-posts_li post-1937 clients type-clients status-publish has-post-thumbnail hentry  list-item-0 clearfix\"><figure class=\"thumbnail featured-thumbnail\"><a href=\"https:\/\/ri-group.ro\/old\/clients-view\/client-5\/\" title=\"Client 5\"><img src=\"https:\/\/ri-group.ro\/old\/wp-content\/uploads\/2014\/11\/client_5-1.jpg\" alt=\"Client 5\"\/><\/a><\/figure><h5><a href=\"https:\/\/ri-group.ro\/old\/clients-view\/client-5\/\" title=\"Client 5\">Client 5<\/a><\/h5><div class=\"clear\"><\/div><\/li><!-- .entry (end) --><li class=\"recent-posts_li post-1935 clients type-clients status-publish has-post-thumbnail hentry  list-item-1 clearfix\"><figure class=\"thumbnail featured-thumbnail\"><a href=\"https:\/\/ri-group.ro\/old\/clients-view\/client-4\/\" title=\"Client 4\"><img src=\"https:\/\/ri-group.ro\/old\/wp-content\/uploads\/2014\/11\/client_4-1.jpg\" alt=\"Client 4\"\/><\/a><\/figure><h5><a href=\"https:\/\/ri-group.ro\/old\/clients-view\/client-4\/\" title=\"Client 4\">Client 4<\/a><\/h5><div class=\"clear\"><\/div><\/li><!-- .entry (end) --><li class=\"recent-posts_li post-1933 clients type-clients status-publish has-post-thumbnail hentry  list-item-2 clearfix\"><figure class=\"thumbnail featured-thumbnail\"><a href=\"https:\/\/ri-group.ro\/old\/clients-view\/client-3\/\" title=\"Client 3\"><img src=\"https:\/\/ri-group.ro\/old\/wp-content\/uploads\/2014\/11\/client_2-1.jpg\" alt=\"Client 3\"\/><\/a><\/figure><h5><a href=\"https:\/\/ri-group.ro\/old\/clients-view\/client-3\/\" title=\"Client 3\">Client 3<\/a><\/h5><div class=\"clear\"><\/div><\/li><!-- .entry (end) --><li class=\"recent-posts_li post-1931 clients type-clients status-publish has-post-thumbnail hentry  list-item-3 clearfix\"><figure class=\"thumbnail featured-thumbnail\"><a href=\"https:\/\/ri-group.ro\/old\/clients-view\/client-2-2\/\" title=\"Client 2\"><img src=\"https:\/\/ri-group.ro\/old\/wp-content\/uploads\/2014\/11\/client_3-1.jpg\" alt=\"Client 2\"\/><\/a><\/figure><h5><a href=\"https:\/\/ri-group.ro\/old\/clients-view\/client-2-2\/\" title=\"Client 2\">Client 2<\/a><\/h5><div class=\"clear\"><\/div><\/li><!-- .entry (end) --><li class=\"recent-posts_li post-1929 clients type-clients status-publish has-post-thumbnail hentry  list-item-4 clearfix\"><figure class=\"thumbnail featured-thumbnail\"><a href=\"https:\/\/ri-group.ro\/old\/clients-view\/client-1-2\/\" title=\"Client 1\"><img src=\"https:\/\/ri-group.ro\/old\/wp-content\/uploads\/2014\/11\/client_1-1.jpg\" alt=\"Client 1\"\/><\/a><\/figure><h5><a href=\"https:\/\/ri-group.ro\/old\/clients-view\/client-1-2\/\" title=\"Client 1\">Client 1<\/a><\/h5><div class=\"clear\"><\/div><\/li><!-- .entry (end) --><\/ul><!-- .recent-posts (end) --><\/div><\/div><!-- .row (end) --><\/div>\n<\/div>\n<\/div>\n","protected":false},"excerpt":{"rendered":"","protected":false},"author":3,"featured_media":0,"parent":0,"menu_order":0,"comment_status":"open","ping_status":"open","template":"page-home.php","meta":[],"_links":{"self":[{"href":"https:\/\/ri-group.ro\/old\/wp-json\/wp\/v2\/pages\/25"}],"collection":[{"href":"https:\/\/ri-group.ro\/old\/wp-json\/wp\/v2\/pages"}],"about":[{"href":"https:\/\/ri-group.ro\/old\/wp-json\/wp\/v2\/types\/page"}],"author":[{"embeddable":true,"href":"https:\/\/ri-group.ro\/old\/wp-json\/wp\/v2\/users\/3"}],"replies":[{"embeddable":true,"href":"https:\/\/ri-group.ro\/old\/wp-json\/wp\/v2\/comments?post=25"}],"version-history":[{"count":6,"href":"https:\/\/ri-group.ro\/old\/wp-json\/wp\/v2\/pages\/25\/revisions"}],"predecessor-version":[{"id":4916,"href":"https:\/\/ri-group.ro\/old\/wp-json\/wp\/v2\/pages\/25\/revisions\/4916"}],"wp:attachment":[{"href":"https:\/\/ri-group.ro\/old\/wp-json\/wp\/v2\/media?parent=25"}],"curies":[{"name":"wp","href":"https:\/\/api.w.org\/{rel}","templated":true}]}}